{"id":1872,"date":"2021-08-23T11:47:19","date_gmt":"2021-08-23T10:47:19","guid":{"rendered":"http:\/\/www.szklo-ceramika.online\/?page_id=1872"},"modified":"2022-08-18T12:10:48","modified_gmt":"2022-08-18T11:10:48","slug":"library","status":"publish","type":"page","link":"https:\/\/www.szklo-ceramika.online\/en\/library\/","title":{"rendered":"Library"},"content":{"rendered":"<div class=\"pntrst_main_before_after\"><\/div><style type=\"text\/css\">\r\n\/* Search Panel *\/\r\n.wbg-search-container {\r\n    background: #FFFFFF;\r\n    border: 0px solid #CCCCCC;\r\n    border-radius: 0px;\r\n    margin-top: 0px;\r\n    margin-bottom: 10px;\r\n}\r\n\/* Search Input *\/\r\n.wbg-search-container .wbg-search-item input[type=\"text\"],\r\n.selectize-control.single .selectize-input,\r\n.selectize-dropdown [data-selectable].option {\r\n    background-color: #FFFFFF;\r\n    color: #242424!important;\r\n    font-size: 14px;\r\n}\r\n.selectize-input input {\r\n    color: #242424!important;\r\n}\r\n\r\n.selectize-dropdown [data-selectable].option {\r\n    cursor: pointer;\r\n    border-bottom: 1px solid #EEE;\r\n    padding-bottom: 5px;\r\n}\r\n\/* Search Button *\/\r\n.wbg-search-container .wbg-search-item .submit-btn {\r\n    background: #0274be;\r\n    border: 1px solid #317081;\r\n    color: #FFFFFF;\r\n    font-size: 14px;\r\n    font-weight: 700;\r\n}\r\n.wbg-search-container .wbg-search-item .submit-btn:hover {\r\n    background: #EAEAEA;\r\n    color: #242424;\r\n}\r\n\/* Search Reset Button *\/\r\n.wbg-search-container .wbg-search-item a#wbg-search-refresh {\r\n    background: #EEEEEE;\r\n    border: 1px solid #999999;\r\n    color: #111111;\r\n    width: 45px;\r\n    font-size: 18px;\r\n}\r\n.wbg-search-container .wbg-search-item a#wbg-search-refresh:hover {\r\n    background: #6fa0df;\r\n    color: #FFFFFF;\r\n    border: 1px solid #6fa0df;\r\n}\r\n<\/style><style type=\"text\/css\">\r\n    .wbg-parent-wrapper {\r\n    background: #FFF;\r\n    border: 1px solid #FFFFFF;\r\n    max-width: 1200px;\r\n    margin-top: 0px;\r\n    margin-bottom: 0px;\r\n    padding: 0px;\r\n    border-radius: 0px;\r\n  }\r\n  .wbg-main-wrapper .wbg-item {\r\n    border: 1px solid #FFFFFF;\r\n    background-color: #F4F4F4;\r\n    white-space: normal;\r\n    padding-top: 10px;\r\n    padding-right: 10px;\r\n    padding-left: 10px;\r\n  }\r\n  \/*\r\n  .wbg-main-wrapper .wbg-item img {\r\n    width: ;\r\n    height: ;\r\n  }\r\n  *\/\r\n  .wbg-main-wrapper .wbg-item img:hover {\r\n      }\r\n  .wbg-main-wrapper .wbg-item a.wbg-btn {\r\n    background: #0274be;\r\n    color: #FFFFFF;\r\n    font-size: 12px;\r\n  }\r\n  .wbg-main-wrapper .wbg-item a.wbg-btn:hover {\r\n    background: #0274be;\r\n    color: #FFFFFF;\r\n  }\r\n  .wbg-main-wrapper .wbg-item .wgb-item-link {\r\n    color: #242424 !important;\r\n    font-size: 18px !important;\r\n  }\r\n  .wbg-main-wrapper .wbg-item .wgb-item-link:hover {\r\n    color: #FF0000 !important;\r\n  }\r\n  .wbg-main-wrapper .wbg-item .wbg-description-content {\r\n    font-size: 12px !important;\r\n    color: #242424 !important;\r\n  }\r\n  \r\n  @-webkit-keyframes rotation {\r\n    from {\r\n      -webkit-transform: rotate(0deg);\r\n    }\r\n    to {\r\n      -webkit-transform: rotate(360deg);\r\n    }\r\n  }\r\n\r\n  \/* List style *\/\r\n  .wbg-main-wrapper.list .wbg-item-list-wrapper {\r\n      border-bottom: 1px solid #FFFFFF;\r\n      background-color: #F4F4F4;\r\n      white-space: normal;\r\n  }\r\n  .wbg-main-wrapper.list .wbg-item-list-wrapper .wbg-item-list-detials .wbg-title h3.wgb-item-link,\r\n  .wbg-main-wrapper.list .wbg-item-list-wrapper .wbg-item-list-detials .wbg-title a.wgb-item-link {\r\n      color: #242424 !important;\r\n      font-size: 18px !important;\r\n  }\r\n  .wbg-main-wrapper.list .wbg-item-list-wrapper .wbg-item-list-detials .wbg-title h3.wgb-item-link:hover,\r\n  .wbg-main-wrapper.list .wbg-item-list-wrapper .wbg-item-list-detials .wbg-title a.wgb-item-link:hover {\r\n      color: #FF0000 !important;\r\n  }\r\n  .wbg-main-wrapper.list .wbg-item-list-wrapper .wbg-item-list-detials .regular-price .wbgp-price {\r\n    font-size: 16px;\r\n  }\r\n  .wbg-main-wrapper.list .wbg-item-list-wrapper .wbg-item-list-detials .regular-price .wbgp-price.price-after {\r\n      color: #13b651;\r\n  }\r\n  .wbg-main-wrapper.list .wbg-item-list-wrapper .wbg-item-list-detials .regular-price .wbgp-price.price-before {\r\n      color: #ff7162;\r\n  }\r\n  .wbg-main-wrapper.list .wbg-item-list-wrapper .wbg-item-list-detials span.loop-author,\r\n  .wbg-main-wrapper.list .wbg-item-list-wrapper .wbg-item-list-detials span.loop-author a.wbg-list-author {\r\n    color: #555555;\r\n    font-size: 11px !important;\r\n  }\r\n  .wbg-main-wrapper.list .wbg-item-list-wrapper .wbg-item-list-detials span.loop-category,\r\n  .wbg-main-wrapper.list .wbg-item-list-wrapper .wbg-item-list-detials span.loop-category a.wbg-list-cat {\r\n    color: #555555;\r\n    font-size: 11px !important;\r\n  }\r\n  .wbg-main-wrapper.list .wbg-item-list-wrapper .wbg-item-list-detials .wbg-description-content {\r\n      font-size: 12px !important;\r\n      color: #242424 !important;\r\n  }\r\n  .wbg-main-wrapper .wbg-item-list-wrapper a.wbg-btn {\r\n      background: #0274be;\r\n      color: #FFFFFF;\r\n      font-size: 12px;\r\n  }\r\n  .wbg-main-wrapper .wbg-item-list-wrapper a.wbg-btn:hover {\r\n      background: #0274be;\r\n      color: #FFFFFF;\r\n  }\r\n<\/style><div class=\"wbg-parent-wrapper\">\r\n  <form method=\"GET\" action=\"https:\/\/www.szklo-ceramika.online\/en\/biblioteka\" id=\"wbg-search-form\">\r\n    <div class=\"wrap wbg-search-container\">\r\n              <div class=\"wbg-search-item\">\r\n            <input type=\"text\" name=\"wbg_title_s\" placeholder=\"Book Title\" value=\"\">\r\n          <\/div>\r\n                    <div class=\"wbg-search-item\">\r\n            <select id=\"wbg_category_s\" name=\"wbg_category_s\" class=\"wbg-selectize\">\r\n                <option value=\"\">All Categories<\/option>\r\n                                  <option value=\"ceramika\" >ceramika<\/option>\r\n                                    <option value=\"ksi\u0105\u017cki\" >ksi\u0105\u017cki<\/option>\r\n                                    <option value=\"prasa\" >prasa<\/option>\r\n                                    <option value=\"szk\u0142o\" >szk\u0142o<\/option>\r\n                              <\/select>\r\n          <\/div>\r\n                    <div class=\"wbg-search-item\">\r\n              <select id=\"wbg_published_on_s\" name=\"wbg_published_on_s\" class=\"wbg-selectize\">\r\n                  <option value=\"\">All Years<\/option>\r\n                                        <option value=\"2018\"  >2018<\/option>\r\n                                            <option value=\"2019\"  >2019<\/option>\r\n                                            <option value=\"2020\"  >2020<\/option>\r\n                                            <option value=\"2022\"  >2022<\/option>\r\n                                    <\/select>\r\n          <\/div>\r\n                      <div class=\"wbg-search-item\">\r\n                <select id=\"wbg_language_s\" name=\"wbg_language_s\" class=\"wbg-selectize\">\r\n                    <option value=\"\">All Languages<\/option>\r\n                                            <option value=\"Angielski\"  >Angielski<\/option>\r\n                                            <option value=\"Polski\"  >Polski<\/option>\r\n                                    <\/select>\r\n            <\/div>\r\n                        <div class=\"wbg-search-item\">\r\n              <select id=\"wbg_author_s\" name=\"wbg_author_s\" class=\"wbg-selectize\">\r\n                  <option value=\"\">All Authors<\/option>\r\n                                      <option value=\"Anita Bialic i Olga Nachy\u0142a\"  >Anita Bialic i Olga Nachy\u0142a<\/option>\r\n                                      <option value=\"Katarzyna Jasio\u0142ek\"  >Katarzyna Jasio\u0142ek<\/option>\r\n                                      <option value=\"Lutos\u0142aw Lichota, Monika Malinowska, Olga Nachy\u0142a\"  >Lutos\u0142aw Lichota, Monika Malinowska, Olga Nachy\u0142a<\/option>\r\n                                      <option value=\"Monika Malinowska, Olga Nachy\u0142a\"  >Monika Malinowska, Olga Nachy\u0142a<\/option>\r\n                                      <option value=\"Olga Nachy\u0142a\"  >Olga Nachy\u0142a<\/option>\r\n                                      <option value=\"Olga Nachy\u0142a i dr n. med. Jacek Gulczy\u0144ski\"  >Olga Nachy\u0142a i dr n. med. Jacek Gulczy\u0144ski<\/option>\r\n                                      <option value=\"Olga Nachy\u0142a i Lutos\u0142aw Lichota\"  >Olga Nachy\u0142a i Lutos\u0142aw Lichota<\/option>\r\n                                      <option value=\"Will Jones\"  >Will Jones<\/option>\r\n                                <\/select>\r\n            <\/div>\r\n                        <div class=\"wbg-search-item\">\r\n              <select id=\"wbg_publisher_s\" name=\"wbg_publisher_s\" class=\"wbg-selectize\">\r\n                  <option value=\"\">All Publishers<\/option>\r\n                                      <option value=\"Herbert Press\"  >Herbert Press<\/option>\r\n                                      <option value=\"Szk\u0142o i Ceramika\"  >Szk\u0142o i Ceramika<\/option>\r\n                                      <option value=\"Wydawnictwo Marginesy\"  >Wydawnictwo Marginesy<\/option>\r\n                                <\/select>\r\n            <\/div>\r\n            \r\n    <div class=\"wbg-search-item\">\r\n      <input type=\"submit\" class=\"button submit-btn\" value=\"Szukaj\">\r\n    <\/div>\r\n\r\n          <div class=\"wbg-search-item refresh\">\r\n        <a href=\"https:\/\/www.szklo-ceramika.online\/en\/biblioteka\" id=\"wbg-search-refresh\">\r\n                        <span class=\"fa fa-refresh\"><\/span>\r\n                      <\/a>\r\n      <\/div>\r\n        <\/div>\r\n<\/form>    <div class=\"wbg-main-wrapper wbg-product-column-3 wbg-product-column-mobile-1 grid\">\r\n      <div class=\"wbg-item\">\r\n    <img decoding=\"async\" src=\"https:\/\/www.szklo-ceramika.online\/wp-content\/uploads\/2022\/04\/Title-page-from-Stadnik-wywiad.pdf-e1648997774812-150x150.jpg\" alt=\"Aparat &#8220;widzi&#8221; rzeczy zupe\u0142nie inaczej\" style=\"height:200px; object-fit: fill;\">        <h3 class=\"wgb-item-link\" data-post_id=\"2180\">Aparat &#8220;widzi&#8221; rzeczy zupe\u0142nie inaczej<\/h3>\r\n                    <span class=\"loop-category\">\r\n                &nbsp;<a href=\"?wbg_category_s=ceramika\" class=\"wbg-list-author\">ceramika<\/a>, <a href=\"?wbg_category_s=prasa\" class=\"wbg-list-author\">prasa<\/a>, <a href=\"?wbg_category_s=szk%C5%82o\" class=\"wbg-list-author\">szk\u0142o<\/a>            <\/span>\r\n                        <span class=\"loop-author\">\r\n                &nbsp;<a href=\"?wbg_author_s=Olga+Nachy%C5%82a\" class=\"wbg-single-link\">Olga Nachy\u0142a<\/a>            <\/span>\r\n                <!-- Button Panel -->\r\n    <div class=\"wbg-button-container\">\r\n                                <a href=\"http:\/\/www.szklo-ceramika.online\/wp-content\/uploads\/2022\/04\/Stadnik-wywiad.pdf\" class=\"button wbg-btn\" target=&quot;_blank&quot;>\r\n                            <i class=\"fa-solid fa-download\"><\/i>&nbsp;Pobierz                        <\/a>\r\n                            <\/div>\r\n<\/div><div class=\"wbg-item\">\r\n    <img decoding=\"async\" src=\"https:\/\/www.szklo-ceramika.online\/wp-content\/uploads\/2022\/03\/Title-page-Architektura-wywiad-z-Samanta-Michalewicz-SiC-1_2020.pdf-e1647274138614-150x150.jpg\" alt=\"Architektura powinna by\u0107 tak\u017ce \u017ar\u00f3d\u0142em relaksu&#8230;\" style=\"height:200px; object-fit: fill;\">        <h3 class=\"wgb-item-link\" data-post_id=\"2091\">Architektura powinna by\u0107 tak\u017ce \u017ar\u00f3d\u0142em relaksu&#8230;<\/h3>\r\n                    <span class=\"loop-category\">\r\n                &nbsp;<a href=\"?wbg_category_s=ceramika\" class=\"wbg-list-author\">ceramika<\/a>, <a href=\"?wbg_category_s=prasa\" class=\"wbg-list-author\">prasa<\/a>, <a href=\"?wbg_category_s=szk%C5%82o\" class=\"wbg-list-author\">szk\u0142o<\/a>            <\/span>\r\n                        <span class=\"loop-author\">\r\n                &nbsp;<a href=\"?wbg_author_s=Olga+Nachy%C5%82a\" class=\"wbg-single-link\">Olga Nachy\u0142a<\/a>            <\/span>\r\n                <!-- Button Panel -->\r\n    <div class=\"wbg-button-container\">\r\n                                <a href=\"http:\/\/www.szklo-ceramika.online\/wp-content\/uploads\/2022\/03\/Architektura-wywiad-z-Samanta-Michalewicz-SiC-1_2020.pdf\" class=\"button wbg-btn\" target=&quot;_blank&quot;>\r\n                            <i class=\"fa-solid fa-download\"><\/i>&nbsp;Pobierz                        <\/a>\r\n                            <\/div>\r\n<\/div><div class=\"wbg-item\">\r\n    <img decoding=\"async\" src=\"https:\/\/www.szklo-ceramika.online\/wp-content\/uploads\/2022\/03\/asteroid_front-150x150.jpg\" alt=\"Asteroid i p\u00f3\u0142kotapczan\" style=\"height:200px; object-fit: fill;\">        <h3 class=\"wgb-item-link\" data-post_id=\"2076\">Asteroid i p\u00f3\u0142kotapczan<\/h3>\r\n                    <span class=\"loop-category\">\r\n                &nbsp;<a href=\"?wbg_category_s=ceramika\" class=\"wbg-list-author\">ceramika<\/a>, <a href=\"?wbg_category_s=ksi%C4%85%C5%BCki\" class=\"wbg-list-author\">ksi\u0105\u017cki<\/a>, <a href=\"?wbg_category_s=szk%C5%82o\" class=\"wbg-list-author\">szk\u0142o<\/a>            <\/span>\r\n                        <span class=\"loop-author\">\r\n                &nbsp;<a href=\"?wbg_author_s=Katarzyna+Jasio%C5%82ek\" class=\"wbg-single-link\">Katarzyna Jasio\u0142ek<\/a>            <\/span>\r\n                <!-- Button Panel -->\r\n    <div class=\"wbg-button-container\">\r\n            <\/div>\r\n<\/div><div class=\"wbg-item\">\r\n    <img decoding=\"async\" src=\"https:\/\/www.szklo-ceramika.online\/wp-content\/uploads\/2022\/03\/Title-page-Jasiolek-aster-scaled-e1647270974529-150x150.jpg\" alt=\"Asteroid i p\u00f3\u0142kotapczan &#8211; recenzja\" style=\"height:200px; object-fit: fill;\">        <h3 class=\"wgb-item-link\" data-post_id=\"2069\">Asteroid i p\u00f3\u0142kotapczan &#8211; recenzja<\/h3>\r\n                    <span class=\"loop-category\">\r\n                &nbsp;<a href=\"?wbg_category_s=ceramika\" class=\"wbg-list-author\">ceramika<\/a>, <a href=\"?wbg_category_s=prasa\" class=\"wbg-list-author\">prasa<\/a>, <a href=\"?wbg_category_s=szk%C5%82o\" class=\"wbg-list-author\">szk\u0142o<\/a>            <\/span>\r\n                        <span class=\"loop-author\">\r\n                &nbsp;<a href=\"?wbg_author_s=Olga+Nachy%C5%82a\" class=\"wbg-single-link\">Olga Nachy\u0142a<\/a>            <\/span>\r\n                <!-- Button Panel -->\r\n    <div class=\"wbg-button-container\">\r\n                                <a href=\"http:\/\/www.szklo-ceramika.online\/wp-content\/uploads\/2022\/03\/Asteroid-i-polkotapczan-recenzja-Nachyla-1-str.pdf\" class=\"button wbg-btn\" target=&quot;_blank&quot;>\r\n                            <i class=\"fa-solid fa-download\"><\/i>&nbsp;Pobierz                        <\/a>\r\n                            <\/div>\r\n<\/div><div class=\"wbg-item\">\r\n    <img decoding=\"async\" src=\"https:\/\/www.szklo-ceramika.online\/wp-content\/uploads\/2022\/04\/Title-page-from-Lazewski.pdf-e1648994375801-150x150.jpg\" alt=\"Ceramika w teatrze. Pi\u0119kny mezalians\" style=\"height:200px; object-fit: fill;\">        <h3 class=\"wgb-item-link\" data-post_id=\"2141\">Ceramika w teatrze. Pi\u0119kny mezalians<\/h3>\r\n                    <span class=\"loop-category\">\r\n                &nbsp;<a href=\"?wbg_category_s=ceramika\" class=\"wbg-list-author\">ceramika<\/a>, <a href=\"?wbg_category_s=prasa\" class=\"wbg-list-author\">prasa<\/a>            <\/span>\r\n                        <span class=\"loop-author\">\r\n                &nbsp;<a href=\"?wbg_author_s=Olga+Nachy%C5%82a\" class=\"wbg-single-link\">Olga Nachy\u0142a<\/a>            <\/span>\r\n                <!-- Button Panel -->\r\n    <div class=\"wbg-button-container\">\r\n                                <a href=\"http:\/\/www.szklo-ceramika.online\/wp-content\/uploads\/2022\/04\/Lazewski-3str.pdf\" class=\"button wbg-btn\" target=&quot;_blank&quot;>\r\n                            <i class=\"fa-solid fa-download\"><\/i>&nbsp;Pobierz                        <\/a>\r\n                            <\/div>\r\n<\/div><div class=\"wbg-item\">\r\n    <img decoding=\"async\" src=\"https:\/\/www.szklo-ceramika.online\/wp-content\/uploads\/2022\/04\/OkladkaCERARE_SiC6_2018-150x150.jpg\" alt=\"Cerare &#8211; Sztuka przemawia\" style=\"height:200px; object-fit: fill;\">        <h3 class=\"wgb-item-link\" data-post_id=\"2148\">Cerare &#8211; Sztuka przemawia<\/h3>\r\n                    <span class=\"loop-category\">\r\n                &nbsp;<a href=\"?wbg_category_s=ceramika\" class=\"wbg-list-author\">ceramika<\/a>, <a href=\"?wbg_category_s=prasa\" class=\"wbg-list-author\">prasa<\/a>            <\/span>\r\n                        <span class=\"loop-author\">\r\n                &nbsp;<a href=\"?wbg_author_s=Olga+Nachy%C5%82a\" class=\"wbg-single-link\">Olga Nachy\u0142a<\/a>            <\/span>\r\n                <!-- Button Panel -->\r\n    <div class=\"wbg-button-container\">\r\n                                <a href=\"http:\/\/www.szklo-ceramika.online\/wp-content\/uploads\/2022\/04\/Cerare-2-strony.pdf\" class=\"button wbg-btn\" target=&quot;_blank&quot;>\r\n                            <i class=\"fa-solid fa-download\"><\/i>&nbsp;Pobierz                        <\/a>\r\n                            <\/div>\r\n<\/div><div class=\"wbg-item\">\r\n    <img decoding=\"async\" src=\"https:\/\/www.szklo-ceramika.online\/wp-content\/uploads\/2023\/09\/20230922_130951-scaled-e1695388703668-150x150.jpg\" alt=\"How to read houses &#8211; A crash course in domestic architecture\" style=\"height:200px; object-fit: fill;\">        <h3 class=\"wgb-item-link\" data-post_id=\"2723\">How to read houses &#8211; A crash course in...<\/h3>\r\n                    <span class=\"loop-category\">\r\n                &nbsp;<a href=\"?wbg_category_s=ksi%C4%85%C5%BCki\" class=\"wbg-list-author\">ksi\u0105\u017cki<\/a>            <\/span>\r\n                        <span class=\"loop-author\">\r\n                &nbsp;<a href=\"?wbg_author_s=Will+Jones\" class=\"wbg-single-link\">Will Jones<\/a>            <\/span>\r\n                <!-- Button Panel -->\r\n    <div class=\"wbg-button-container\">\r\n            <\/div>\r\n<\/div><div class=\"wbg-item\">\r\n    <img decoding=\"async\" src=\"https:\/\/www.szklo-ceramika.online\/wp-content\/uploads\/2022\/03\/Title-page-Kieliszek-z-filigranem_LLichota_SiC-e1647268662258-150x150.jpg\" alt=\"Kieliszek z filigranem &#8211; opis historycznej technologii wytw\u00f3rczej\" style=\"height:200px; object-fit: fill;\">        <h3 class=\"wgb-item-link\" data-post_id=\"2040\">Kieliszek z filigranem &#8211; opis historycznej technologii wytw\u00f3rczej<\/h3>\r\n                    <span class=\"loop-category\">\r\n                &nbsp;<a href=\"?wbg_category_s=prasa\" class=\"wbg-list-author\">prasa<\/a>, <a href=\"?wbg_category_s=szk%C5%82o\" class=\"wbg-list-author\">szk\u0142o<\/a>            <\/span>\r\n                        <span class=\"loop-author\">\r\n                &nbsp;<a href=\"?wbg_author_s=Olga+Nachy%C5%82a+i+Lutos%C5%82aw+Lichota\" class=\"wbg-single-link\">Olga Nachy\u0142a i Lutos\u0142aw Lichota<\/a>            <\/span>\r\n                <!-- Button Panel -->\r\n    <div class=\"wbg-button-container\">\r\n                                <a href=\"http:\/\/www.szklo-ceramika.online\/wp-content\/uploads\/2022\/03\/Kieliszek-z-filigranem_LLichota_SiC.pdf\" class=\"button wbg-btn\" target=&quot;_blank&quot;>\r\n                            <i class=\"fa-solid fa-download\"><\/i>&nbsp;Pobierz                        <\/a>\r\n                            <\/div>\r\n<\/div><div class=\"wbg-item\">\r\n    <img decoding=\"async\" src=\"https:\/\/www.szklo-ceramika.online\/wp-content\/uploads\/2022\/04\/Title-page-from-Lubiana-Andrzejewski-wywiad.pdf-e1648996080814-150x150.jpg\" alt=\"Lubiana Lubiana\" style=\"height:200px; object-fit: fill;\">        <h3 class=\"wgb-item-link\" data-post_id=\"2159\">Lubiana Lubiana<\/h3>\r\n                    <span class=\"loop-category\">\r\n                &nbsp;<a href=\"?wbg_category_s=ceramika\" class=\"wbg-list-author\">ceramika<\/a>, <a href=\"?wbg_category_s=prasa\" class=\"wbg-list-author\">prasa<\/a>            <\/span>\r\n                        <span class=\"loop-author\">\r\n                &nbsp;<a href=\"?wbg_author_s=Monika+Malinowska%2C+Olga+Nachy%C5%82a\" class=\"wbg-single-link\">Monika Malinowska, Olga Nachy\u0142a<\/a>            <\/span>\r\n                <!-- Button Panel -->\r\n    <div class=\"wbg-button-container\">\r\n                                <a href=\"http:\/\/www.szklo-ceramika.online\/wp-content\/uploads\/2022\/04\/Lubiana-Andrzejewski-wywiad.pdf\" class=\"button wbg-btn\" target=&quot;_blank&quot;>\r\n                            <i class=\"fa-solid fa-download\"><\/i>&nbsp;Pobierz                        <\/a>\r\n                            <\/div>\r\n<\/div><div class=\"wbg-item\">\r\n    <img decoding=\"async\" src=\"https:\/\/www.szklo-ceramika.online\/wp-content\/uploads\/2022\/04\/Title-page-from-Nowa-rotunda-Nachyla.pdf-e1648996852240-150x150.jpg\" alt=\"Nowa Rotunda. Szklana &#8220;generalska czapka&#8221; Warszawy\" style=\"height:200px; object-fit: fill;\">        <h3 class=\"wgb-item-link\" data-post_id=\"2169\">Nowa Rotunda. Szklana &#8220;generalska czapka&#8221; Warszawy<\/h3>\r\n                    <span class=\"loop-category\">\r\n                &nbsp;<a href=\"?wbg_category_s=prasa\" class=\"wbg-list-author\">prasa<\/a>, <a href=\"?wbg_category_s=szk%C5%82o\" class=\"wbg-list-author\">szk\u0142o<\/a>            <\/span>\r\n                        <span class=\"loop-author\">\r\n                &nbsp;<a href=\"?wbg_author_s=Olga+Nachy%C5%82a\" class=\"wbg-single-link\">Olga Nachy\u0142a<\/a>            <\/span>\r\n                <!-- Button Panel -->\r\n    <div class=\"wbg-button-container\">\r\n                                <a href=\"http:\/\/www.szklo-ceramika.online\/wp-content\/uploads\/2022\/04\/Nowa-rotunda-Nachyla.pdf\" class=\"button wbg-btn\" target=&quot;_blank&quot;>\r\n                            <i class=\"fa-solid fa-download\"><\/i>&nbsp;Pobierz                        <\/a>\r\n                            <\/div>\r\n<\/div>    <\/div>\r\n    <\/div>\r\n\n<p>&nbsp;<\/p>\n<div class=\"pntrst_main_before_after\"><\/div><div class=\"fcbkbttn_buttons_block\" id=\"fcbkbttn_left\"><div class=\"fcbkbttn_button\">\n                            <a href=\"https:\/\/www.facebook.com\/szkloiceramika\" target=\"_blank\">\n                                <img decoding=\"async\" src=\"https:\/\/www.szklo-ceramika.online\/wp-content\/plugins\/social-buttons-pack\/facebook-button-plugin\/images\/standard-facebook-ico.png\" alt=\"Fb-Button\" \/>\n                            <\/a>\n                        <\/div><div class=\"fcbkbttn_like \"><fb:like href=\"https:\/\/www.szklo-ceramika.online\/en\/library\/\" action=\"like\" colorscheme=\"light\" layout=\"button_count\"  size=\"small\"><\/fb:like><\/div><div class=\"fb-share-button  \" data-href=\"https:\/\/www.szklo-ceramika.online\/en\/library\/\" data-type=\"button\" data-size=\"small\"><\/div><\/div>","protected":false},"excerpt":{"rendered":"<p>&nbsp;<\/p>\n","protected":false},"author":4,"featured_media":2025,"parent":0,"menu_order":0,"comment_status":"closed","ping_status":"closed","template":"page-templates\/magbook-template.php","meta":{"footnotes":""},"class_list":["post-1872","page","type-page","status-publish","has-post-thumbnail","hentry"],"_links":{"self":[{"href":"https:\/\/www.szklo-ceramika.online\/en\/wp-json\/wp\/v2\/pages\/1872","targetHints":{"allow":["GET"]}}],"collection":[{"href":"https:\/\/www.szklo-ceramika.online\/en\/wp-json\/wp\/v2\/pages"}],"about":[{"href":"https:\/\/www.szklo-ceramika.online\/en\/wp-json\/wp\/v2\/types\/page"}],"author":[{"embeddable":true,"href":"https:\/\/www.szklo-ceramika.online\/en\/wp-json\/wp\/v2\/users\/4"}],"replies":[{"embeddable":true,"href":"https:\/\/www.szklo-ceramika.online\/en\/wp-json\/wp\/v2\/comments?post=1872"}],"version-history":[{"count":8,"href":"https:\/\/www.szklo-ceramika.online\/en\/wp-json\/wp\/v2\/pages\/1872\/revisions"}],"predecessor-version":[{"id":2296,"href":"https:\/\/www.szklo-ceramika.online\/en\/wp-json\/wp\/v2\/pages\/1872\/revisions\/2296"}],"wp:featuredmedia":[{"embeddable":true,"href":"https:\/\/www.szklo-ceramika.online\/en\/wp-json\/wp\/v2\/media\/2025"}],"wp:attachment":[{"href":"https:\/\/www.szklo-ceramika.online\/en\/wp-json\/wp\/v2\/media?parent=1872"}],"curies":[{"name":"wp","href":"https:\/\/api.w.org\/{rel}","templated":true}]}}